{"id":2260,"date":"2024-12-04T16:48:44","date_gmt":"2024-12-04T21:48:44","guid":{"rendered":"https:\/\/www.allpointsrelocation.com\/posez-nous-une-question\/"},"modified":"2025-08-28T01:43:05","modified_gmt":"2025-08-28T05:43:05","slug":"posez-nous-une-question","status":"publish","type":"page","link":"https:\/\/www.allpointsrelocation.com\/fr\/posez-nous-une-question\/","title":{"rendered":"Posez-nous une question ?"},"content":{"rendered":"\t\t<div data-elementor-type=\"wp-page\" data-elementor-id=\"2260\" class=\"elementor elementor-2260 elementor-2259\" data-elementor-post-type=\"page\">\n\t\t\t\t<div class=\"elementor-element elementor-element-ba901e3 e-flex e-con-boxed e-con e-parent\" data-id=\"ba901e3\" data-element_type=\"container\" data-e-type=\"container\" data-settings=\"{&quot;background_background&quot;:&quot;classic&quot;}\">\n\t\t\t\t\t<div class=\"e-con-inner\">\n\t\t\t\t<div class=\"elementor-element elementor-element-012c080 elementor-widget__width-inherit elementor-widget elementor-widget-heading\" data-id=\"012c080\" data-element_type=\"widget\" data-e-type=\"widget\" data-widget_type=\"heading.default\">\n\t\t\t\t<div class=\"elementor-widget-container\">\n\t\t\t\t\t<h1 class=\"elementor-heading-title elementor-size-default\">Quelles sont vos questions en mati\u00e8re de relocalisation ?  <\/h1>\t\t\t\t<\/div>\n\t\t\t\t<\/div>\n\t\t\t\t<div class=\"elementor-element elementor-element-9989aa4 elementor-widget elementor-widget-heading\" data-id=\"9989aa4\" data-element_type=\"widget\" data-e-type=\"widget\" data-widget_type=\"heading.default\">\n\t\t\t\t<div class=\"elementor-widget-container\">\n\t\t\t\t\t<h2 class=\"elementor-heading-title elementor-size-default\">Nous sommes pr\u00eats \u00e0 vous aider sur la voie du changement.<\/h2>\t\t\t\t<\/div>\n\t\t\t\t<\/div>\n\t\t\t\t\t<\/div>\n\t\t\t\t<\/div>\n\t\t\t\t<\/div>\n\t\t","protected":false},"excerpt":{"rendered":"<p>Quelles sont vos questions en mati\u00e8re de relocalisation ? Nous sommes pr\u00eats \u00e0 vous aider sur la voie du changement.<\/p>\n","protected":false},"author":2,"featured_media":1866,"parent":0,"menu_order":0,"comment_status":"closed","ping_status":"closed","template":"","meta":{"footnotes":""},"class_list":["post-2260","page","type-page","status-publish","has-post-thumbnail","hentry"],"_links":{"self":[{"href":"https:\/\/www.allpointsrelocation.com\/fr\/wp-json\/wp\/v2\/pages\/2260","targetHints":{"allow":["GET"]}}],"collection":[{"href":"https:\/\/www.allpointsrelocation.com\/fr\/wp-json\/wp\/v2\/pages"}],"about":[{"href":"https:\/\/www.allpointsrelocation.com\/fr\/wp-json\/wp\/v2\/types\/page"}],"author":[{"embeddable":true,"href":"https:\/\/www.allpointsrelocation.com\/fr\/wp-json\/wp\/v2\/users\/2"}],"replies":[{"embeddable":true,"href":"https:\/\/www.allpointsrelocation.com\/fr\/wp-json\/wp\/v2\/comments?post=2260"}],"version-history":[{"count":0,"href":"https:\/\/www.allpointsrelocation.com\/fr\/wp-json\/wp\/v2\/pages\/2260\/revisions"}],"wp:featuredmedia":[{"embeddable":true,"href":"https:\/\/www.allpointsrelocation.com\/fr\/wp-json\/wp\/v2\/media\/1866"}],"wp:attachment":[{"href":"https:\/\/www.allpointsrelocation.com\/fr\/wp-json\/wp\/v2\/media?parent=2260"}],"curies":[{"name":"wp","href":"https:\/\/api.w.org\/{rel}","templated":true}]}}